{"id":24,"date":"2025-12-21T14:55:46","date_gmt":"2025-12-21T11:55:46","guid":{"rendered":"https:\/\/fpytontemellerif.free.nf\/?page_id=24"},"modified":"2026-03-16T20:37:41","modified_gmt":"2026-03-16T17:37:41","slug":"python-nasil-calisir","status":"publish","type":"page","link":"https:\/\/www.fpytontemellerif.com.tr\/?page_id=24","title":{"rendered":"PYTHON NASIL \u00c7ALI\u015eIR?"},"content":{"rendered":"\n<h3 class=\"wp-block-heading\">Konuya Giri\u015f<\/h3>\n\n\n\n<p>Python\u2019un nas\u0131l \u00e7al\u0131\u015ft\u0131\u011f\u0131n\u0131 anlamak, yaz\u0131lan kodlar\u0131n neden bazen hata verdi\u011fini anlamak a\u00e7\u0131s\u0131ndan \u00f6nemlidir. Python, yaz\u0131lan komutlar\u0131 yukar\u0131dan a\u015fa\u011f\u0131ya do\u011fru okuyarak \u00e7al\u0131\u015ft\u0131ran bir programlama dilidir.<\/p>\n\n\n\n<h3 class=\"wp-block-heading\">\u00d6\u011frenme S\u00fcreci<\/h3>\n\n\n\n<p>Bu a\u015famada Python\u2019un sat\u0131r sat\u0131r \u00e7al\u0131\u015ft\u0131\u011f\u0131 \u00f6\u011frenilmi\u015ftir. Kodlar\u0131n yaz\u0131lma s\u0131ras\u0131n\u0131n \u00f6nemli oldu\u011fu ve belirli kurallara uyulmad\u0131\u011f\u0131nda program\u0131n hata verdi\u011fi g\u00f6r\u00fclm\u00fc\u015ft\u00fcr. Yap\u0131lan denemelerle Python\u2019un girinti yap\u0131s\u0131na duyarl\u0131 oldu\u011fu fark edilmi\u015ftir.<\/p>\n\n\n\n<h3 class=\"wp-block-heading\">Kodlar<\/h3>\n\n\n\n<p>A\u015fa\u011f\u0131daki \u00f6rnekte Python\u2019un bir ko\u015fulu nas\u0131l de\u011ferlendirdi\u011fi g\u00f6r\u00fclmektedir:<\/p>\n\n\n\n<pre class=\"wp-block-code\"><code>if 5 &gt; 3:\n    print(\"5, 3'ten b\u00fcy\u00fckt\u00fcr\")<\/code><\/pre>\n\n\n\n<p>Bu kodda \u015fart do\u011fru oldu\u011fu i\u00e7in ekrana yaz\u0131 yazd\u0131r\u0131lm\u0131\u015ft\u0131r.<\/p>\n\n\n\n<h3 class=\"wp-block-heading\">Kar\u015f\u0131la\u015f\u0131lan Hatalar<\/h3>\n\n\n\n<p>Girinti (bo\u015fluk) yanl\u0131\u015f yap\u0131ld\u0131\u011f\u0131nda Python hata vermi\u015ftir. Bu durum, Python\u2019da girintinin kodun bir par\u00e7as\u0131 oldu\u011funu g\u00f6stermi\u015ftir.<\/p>\n\n\n\n<pre class=\"wp-block-code\"><code>if 5 &gt; 3:\nprint(\"Hata olu\u015fur\")<\/code><\/pre>\n\n\n\n<p>Yukar\u0131daki kodda girinti olmad\u0131\u011f\u0131 i\u00e7in hata al\u0131nm\u0131\u015ft\u0131r.<\/p>\n\n\n\n<h3 class=\"wp-block-heading\">Sonu\u00e7<\/h3>\n\n\n\n<p>Python\u2019un yukar\u0131dan a\u015fa\u011f\u0131ya do\u011fru \u00e7al\u0131\u015ft\u0131\u011f\u0131 ve girinti kurallar\u0131na dikkat edilmesi gerekti\u011fi \u00f6\u011frenilmi\u015ftir. Bu bilgi, ilerleyen konular i\u00e7in temel olu\u015fturmu\u015ftur.<\/p>\n\n\n\n<div class=\"wp-block-buttons is-layout-flex wp-block-buttons-is-layout-flex\">\n<div class=\"wp-block-button\"><a class=\"wp-block-button__link wp-element-button\" href=\"https:\/\/www.fpytontemellerif.com.tr?page_id=26\">Devam etmek \u0130\u00e7in t\u0131klay\u0131n<\/a><\/div>\n<\/div>\n\n\n\n<p><\/p>\n","protected":false},"excerpt":{"rendered":"<p>Konuya Giri\u015f Python\u2019un nas\u0131l \u00e7al\u0131\u015ft\u0131\u011f\u0131n\u0131 anlamak, yaz\u0131lan kodlar\u0131n neden bazen hata verdi\u011fini anlamak a\u00e7\u0131s\u0131ndan \u00f6nemlidir. Python, yaz\u0131lan komutlar\u0131 yukar\u0131dan a\u015fa\u011f\u0131ya do\u011fru okuyarak \u00e7al\u0131\u015ft\u0131ran bir programlama dilidir. \u00d6\u011frenme S\u00fcreci Bu a\u015famada Python\u2019un sat\u0131r sat\u0131r \u00e7al\u0131\u015ft\u0131\u011f\u0131 \u00f6\u011frenilmi\u015ftir. Kodlar\u0131n yaz\u0131lma s\u0131ras\u0131n\u0131n \u00f6nemli oldu\u011fu<\/p>\n<p><a href=\"https:\/\/www.fpytontemellerif.com.tr\/?page_id=24\" class=\"awp-btn awp-btn-secondary awp-btn-bubble\">Continue Reading<span class=\"screen-reader-text\">PYTHON NASIL \u00c7ALI\u015eIR?<\/span><i class=\"fa fa-arrow-right\"><\/i><span class=\"bubble_effect\"><span class=\"circle top-left\"><\/span><span class=\"circle top-left\"><\/span><span class=\"circle top-left\"><\/span>\t<span class=\"button effect-button\"><\/span><span class=\"circle bottom-right\"><\/span>\t<span class=\"circle bottom-right\"><\/span><span class=\"circle bottom-right\"><\/span><\/span><\/a><\/p>\n","protected":false},"author":1,"featured_media":0,"parent":0,"menu_order":0,"comment_status":"closed","ping_status":"closed","template":"","meta":{"_monsterinsights_skip_tracking":false,"_monsterinsights_sitenote_active":false,"_monsterinsights_sitenote_note":"","_monsterinsights_sitenote_category":0,"footnotes":""},"class_list":["post-24","page","type-page","status-publish","hentry"],"_links":{"self":[{"href":"https:\/\/www.fpytontemellerif.com.tr\/index.php?rest_route=\/wp\/v2\/pages\/24","targetHints":{"allow":["GET"]}}],"collection":[{"href":"https:\/\/www.fpytontemellerif.com.tr\/index.php?rest_route=\/wp\/v2\/pages"}],"about":[{"href":"https:\/\/www.fpytontemellerif.com.tr\/index.php?rest_route=\/wp\/v2\/types\/page"}],"author":[{"embeddable":true,"href":"https:\/\/www.fpytontemellerif.com.tr\/index.php?rest_route=\/wp\/v2\/users\/1"}],"replies":[{"embeddable":true,"href":"https:\/\/www.fpytontemellerif.com.tr\/index.php?rest_route=%2Fwp%2Fv2%2Fcomments&post=24"}],"version-history":[{"count":2,"href":"https:\/\/www.fpytontemellerif.com.tr\/index.php?rest_route=\/wp\/v2\/pages\/24\/revisions"}],"predecessor-version":[{"id":483,"href":"https:\/\/www.fpytontemellerif.com.tr\/index.php?rest_route=\/wp\/v2\/pages\/24\/revisions\/483"}],"wp:attachment":[{"href":"https:\/\/www.fpytontemellerif.com.tr\/index.php?rest_route=%2Fwp%2Fv2%2Fmedia&parent=24"}],"curies":[{"name":"wp","href":"https:\/\/api.w.org\/{rel}","templated":true}]}}