{"id":28,"date":"2025-12-21T15:00:34","date_gmt":"2025-12-21T12:00:34","guid":{"rendered":"https:\/\/fpytontemellerif.free.nf\/?page_id=28"},"modified":"2026-03-16T20:37:44","modified_gmt":"2026-03-16T17:37:44","slug":"degiskenler","status":"publish","type":"page","link":"https:\/\/www.fpytontemellerif.com.tr\/?page_id=28","title":{"rendered":"DE\u011e\u0130\u015eKENLER"},"content":{"rendered":"\n<h3 class=\"wp-block-heading\">Konuya Giri\u015f<\/h3>\n\n\n\n<p>Programlama dillerinde yap\u0131lan i\u015flemler s\u0131ras\u0131nda bilgilerin saklanmas\u0131 gerekir. Python\u2019da bu i\u015flem de\u011fi\u015fkenler kullan\u0131larak yap\u0131l\u0131r. De\u011fi\u015fkenler, say\u0131lar veya metinler gibi verileri ge\u00e7ici olarak haf\u0131zada tutar.<\/p>\n\n\n\n<h3 class=\"wp-block-heading\">\u00d6\u011frenme S\u00fcreci<\/h3>\n\n\n\n<p>Bu a\u015famada de\u011fi\u015fkenlerin nas\u0131l tan\u0131mland\u0131\u011f\u0131 ve nas\u0131l kullan\u0131ld\u0131\u011f\u0131 \u00f6\u011frenilmi\u015ftir. \u0130lk denemelerde de\u011fi\u015fken isimlerinin rastgele verildi\u011fi g\u00f6r\u00fclm\u00fc\u015f, daha sonra anlaml\u0131 isimler kullanman\u0131n kodu daha anla\u015f\u0131l\u0131r yapt\u0131\u011f\u0131 fark edilmi\u015ftir.<\/p>\n\n\n\n<h3 class=\"wp-block-heading\">Kodlar<\/h3>\n\n\n\n<p>A\u015fa\u011f\u0131da Python\u2019da de\u011fi\u015fken kullan\u0131m\u0131na basit bir \u00f6rnek verilmi\u015ftir:<\/p>\n\n\n\n<pre class=\"wp-block-code\"><code>isim = \"Ali\"\nyas = 18\nprint(isim)\nprint(yas)<\/code><\/pre>\n\n\n\n<p>Bu \u00f6rnekte <code>isim<\/code> ve <code>yas<\/code> adl\u0131 de\u011fi\u015fkenler olu\u015fturulmu\u015f ve ekrana yazd\u0131r\u0131lm\u0131\u015ft\u0131r.<\/p>\n\n\n\n<h3 class=\"wp-block-heading\">Kar\u015f\u0131la\u015f\u0131lan Hatalar<\/h3>\n\n\n\n<p>De\u011fi\u015fken isimlerinde bo\u015fluk kullan\u0131ld\u0131\u011f\u0131nda Python hata vermi\u015ftir. Bu durum, de\u011fi\u015fken isimlerinde bo\u015fluk kullan\u0131lmamas\u0131 gerekti\u011fini g\u00f6stermi\u015ftir.<\/p>\n\n\n\n<pre class=\"wp-block-code\"><code>ogrenci adi = \"Ahmet\"\n<\/code><\/pre>\n\n\n\n<p>Yukar\u0131daki kullan\u0131m hatal\u0131d\u0131r ve program \u00e7al\u0131\u015fmaz.<\/p>\n\n\n\n<h3 class=\"wp-block-heading\">Sonu\u00e7<\/h3>\n\n\n\n<p>Bu konu sayesinde de\u011fi\u015fkenlerin veri saklamak i\u00e7in kullan\u0131ld\u0131\u011f\u0131 ve do\u011fru isimlendirme yap\u0131lmas\u0131n\u0131n \u00f6nemli oldu\u011fu \u00f6\u011frenilmi\u015ftir.<\/p>\n\n\n\n<div class=\"wp-block-buttons is-layout-flex wp-block-buttons-is-layout-flex\">\n<div class=\"wp-block-button\"><a class=\"wp-block-button__link wp-element-button\" href=\"https:\/\/www.fpytontemellerif.com.tr\/?page_id=30\">Devam etmek \u0130\u00e7in t\u0131klay\u0131n<\/a><\/div>\n<\/div>\n\n\n\n<p><\/p>\n","protected":false},"excerpt":{"rendered":"<p>Konuya Giri\u015f Programlama dillerinde yap\u0131lan i\u015flemler s\u0131ras\u0131nda bilgilerin saklanmas\u0131 gerekir. Python\u2019da bu i\u015flem de\u011fi\u015fkenler kullan\u0131larak yap\u0131l\u0131r. De\u011fi\u015fkenler, say\u0131lar veya metinler gibi verileri ge\u00e7ici olarak haf\u0131zada tutar. \u00d6\u011frenme S\u00fcreci Bu a\u015famada de\u011fi\u015fkenlerin nas\u0131l tan\u0131mland\u0131\u011f\u0131 ve nas\u0131l kullan\u0131ld\u0131\u011f\u0131 \u00f6\u011frenilmi\u015ftir. \u0130lk denemelerde de\u011fi\u015fken<\/p>\n<p><a href=\"https:\/\/www.fpytontemellerif.com.tr\/?page_id=28\" class=\"awp-btn awp-btn-secondary awp-btn-bubble\">Continue Reading<span class=\"screen-reader-text\">DE\u011e\u0130\u015eKENLER<\/span><i class=\"fa fa-arrow-right\"><\/i><span class=\"bubble_effect\"><span class=\"circle top-left\"><\/span><span class=\"circle top-left\"><\/span><span class=\"circle top-left\"><\/span>\t<span class=\"button effect-button\"><\/span><span class=\"circle bottom-right\"><\/span>\t<span class=\"circle bottom-right\"><\/span><span class=\"circle bottom-right\"><\/span><\/span><\/a><\/p>\n","protected":false},"author":1,"featured_media":0,"parent":0,"menu_order":0,"comment_status":"closed","ping_status":"closed","template":"","meta":{"_monsterinsights_skip_tracking":false,"_monsterinsights_sitenote_active":false,"_monsterinsights_sitenote_note":"","_monsterinsights_sitenote_category":0,"footnotes":""},"class_list":["post-28","page","type-page","status-publish","hentry"],"_links":{"self":[{"href":"https:\/\/www.fpytontemellerif.com.tr\/index.php?rest_route=\/wp\/v2\/pages\/28","targetHints":{"allow":["GET"]}}],"collection":[{"href":"https:\/\/www.fpytontemellerif.com.tr\/index.php?rest_route=\/wp\/v2\/pages"}],"about":[{"href":"https:\/\/www.fpytontemellerif.com.tr\/index.php?rest_route=\/wp\/v2\/types\/page"}],"author":[{"embeddable":true,"href":"https:\/\/www.fpytontemellerif.com.tr\/index.php?rest_route=\/wp\/v2\/users\/1"}],"replies":[{"embeddable":true,"href":"https:\/\/www.fpytontemellerif.com.tr\/index.php?rest_route=%2Fwp%2Fv2%2Fcomments&post=28"}],"version-history":[{"count":2,"href":"https:\/\/www.fpytontemellerif.com.tr\/index.php?rest_route=\/wp\/v2\/pages\/28\/revisions"}],"predecessor-version":[{"id":484,"href":"https:\/\/www.fpytontemellerif.com.tr\/index.php?rest_route=\/wp\/v2\/pages\/28\/revisions\/484"}],"wp:attachment":[{"href":"https:\/\/www.fpytontemellerif.com.tr\/index.php?rest_route=%2Fwp%2Fv2%2Fmedia&parent=28"}],"curies":[{"name":"wp","href":"https:\/\/api.w.org\/{rel}","templated":true}]}}