{"id":85,"date":"2025-12-21T17:26:48","date_gmt":"2025-12-21T14:26:48","guid":{"rendered":"https:\/\/fpytontemellerif.free.nf\/?page_id=85"},"modified":"2026-03-28T16:07:13","modified_gmt":"2026-03-28T13:07:13","slug":"referanslarimiz","status":"publish","type":"page","link":"https:\/\/www.fpytontemellerif.com.tr\/?page_id=85","title":{"rendered":"REFERANSLARIMIZ"},"content":{"rendered":"\r\n<p>Bu web sitesinde yer alan t\u00fcm i\u00e7erikler,Python programlama dili \u00fczerine yap\u0131lan ara\u015ft\u0131rmalar, uygulamalar ve e\u011fitim kaynaklar\u0131 do\u011frultusunda haz\u0131rlanm\u0131\u015ft\u0131r. \u0130\u00e7erikler olu\u015fturulurken g\u00fcvenilir ve yayg\u0131n olarak kullan\u0131lan kaynaklardan yararlan\u0131lm\u0131\u015ft\u0131r.<\/p>\r\n\r\n\r\n\r\n<p>Ama\u00e7, do\u011fru ve g\u00fcncel bilgileri temel alarak <strong>\u00f6\u011fretici ve anla\u015f\u0131l\u0131r bir e\u011fitim i\u00e7eri\u011fi<\/strong> sunmakt\u0131r.<\/p>\r\n\r\n\r\n\r\n<hr class=\"wp-block-separator has-alpha-channel-opacity\" \/>\r\n\r\n\r\n\r\n<h2 class=\"wp-block-heading\">\ud83d\udccc E\u011fitim ve Dok\u00fcmantasyon Kaynaklar\u0131<\/h2>\r\n\r\n\r\n\r\n<p>Python temelleri anlat\u0131l\u0131rken a\u015fa\u011f\u0131daki resmi ve g\u00fcvenilir kaynaklardan faydalan\u0131lm\u0131\u015ft\u0131r:<\/p>\r\n\r\n\r\n\r\n<ul class=\"wp-block-list\">\r\n<li><strong>Python Resmi Dok\u00fcmantasyonu<\/strong><br>Python dilinin temel yap\u0131lar\u0131, fonksiyonlar\u0131 ve mod\u00fclleri hakk\u0131nda ana kaynakt\u0131r.<\/li>\r\n\r\n\r\n\r\n<li><strong>Python E\u011fitim Notlar\u0131 ve Ba\u015flang\u0131\u00e7 Rehberleri<\/strong><br>Yeni ba\u015flayanlar i\u00e7in haz\u0131rlanm\u0131\u015f a\u00e7\u0131k kaynak e\u011fitim i\u00e7erikleri incelenmi\u015ftir.<\/li>\r\n<\/ul>\r\n\r\n\r\n\r\n<hr class=\"wp-block-separator has-alpha-channel-opacity\" \/>\r\n\r\n\r\n\r\n<h2 class=\"wp-block-heading\">\ud83d\udccc Uygulamal\u0131 \u00d6\u011frenme Kaynaklar\u0131<\/h2>\r\n\r\n\r\n\r\n<p>Kod \u00f6rnekleri ve uygulamalar haz\u0131rlan\u0131rken:<\/p>\r\n\r\n\r\n\r\n<ul class=\"wp-block-list\">\r\n<li>Temel Python \u00f6rnek projeleri<\/li>\r\n\r\n\r\n\r\n<li>E\u011fitim ama\u00e7l\u0131 \u00f6rnek kodlar<\/li>\r\n\r\n\r\n\r\n<li>Basit algoritma \u00e7al\u0131\u015fmalar\u0131<\/li>\r\n<\/ul>\r\n\r\n\r\n\r\n<p>\u00fczerinden \u00e7al\u0131\u015fmalar yap\u0131lm\u0131\u015ft\u0131r. Kodlar birebir kopyalanmam\u0131\u015f, <strong>\u00f6\u011frenme s\u00fcreci boyunca yeniden yaz\u0131larak<\/strong> haz\u0131rlanm\u0131\u015ft\u0131r.<\/p>\r\n\r\n\r\n\r\n<hr class=\"wp-block-separator has-alpha-channel-opacity\" \/>\r\n\r\n\r\n\r\n<h2 class=\"wp-block-heading\">\ud83d\udccc Okul ve Staj S\u00fcreci Referanslar\u0131<\/h2>\r\n\r\n\r\n\r\n<p>Bu site, a\u015fa\u011f\u0131daki \u00e7er\u00e7evede haz\u0131rlanm\u0131\u015ft\u0131r:<\/p>\r\n\r\n\r\n\r\n<ul class=\"wp-block-list\">\r\n<li>Okulda verilen <strong>programlama e\u011fitimi<\/strong><\/li>\r\n\r\n\r\n\r\n<li>Staj s\u00fcrecinde edinilen yaz\u0131l\u0131m bilgileri<\/li>\r\n\r\n\r\n\r\n<li>\u00d6\u011fretmen ve staj rehberlerinin y\u00f6nlendirmeleri<\/li>\r\n<\/ul>\r\n\r\n\r\n\r\n<p>Bu kapsamda i\u00e7erikler, <strong>staj dosyas\u0131 ve \u00f6\u011fretmen incelemesine uygun<\/strong> olacak \u015fekilde d\u00fczenlenmi\u015ftir.<\/p>\r\n\r\n\r\n\r\n<hr class=\"wp-block-separator has-alpha-channel-opacity\" \/>\r\n\r\n\r\n\r\n<h2 class=\"wp-block-heading\">\ud83d\udccc Kullan\u0131lan Platform ve Ara\u00e7lar<\/h2>\r\n\r\n\r\n\r\n<p>Referans olarak kullan\u0131lan teknik ara\u00e7lar:<\/p>\r\n\r\n\r\n\r\n<ul class=\"wp-block-list\">\r\n<li><strong>Python Programlama Dili<\/strong><\/li>\r\n\r\n\r\n\r\n<li><strong>WordPress \u0130\u00e7erik Y\u00f6netim Sistemi<\/strong><\/li>\r\n\r\n\r\n\r\n<li>Temel yaz\u0131l\u0131m geli\u015ftirme prensipleri<\/li>\r\n<\/ul>\r\n\r\n\r\n\r\n<p>Bu ara\u00e7lar, e\u011fitim ama\u00e7l\u0131 ve \u00f6\u011fretici i\u00e7erik \u00fcretimi i\u00e7in tercih edilmi\u015ftir.<\/p>\r\n\r\n\r\n\r\n<hr class=\"wp-block-separator has-alpha-channel-opacity\" \/>\r\n\r\n\r\n\r\n<h2 class=\"wp-block-heading\">\ud83d\udccc \u0130\u00e7erik Haz\u0131rlama Yakla\u015f\u0131m\u0131<\/h2>\r\n\r\n\r\n\r\n<p>Haz\u0131rlanan t\u00fcm i\u00e7erikler:<\/p>\r\n\r\n\r\n\r\n<ul class=\"wp-block-list\">\r\n<li>Kendi \u00f6\u011frenme s\u00fcrecimize dayal\u0131<\/li>\r\n\r\n\r\n\r\n<li>Deneme\u2013yan\u0131lma ile geli\u015ftirilmi\u015f<\/li>\r\n\r\n\r\n\r\n<li>A\u00e7\u0131klamal\u0131 ve ad\u0131m ad\u0131m anlat\u0131m i\u00e7eren<\/li>\r\n<\/ul>\r\n\r\n\r\n\r\n<p>bir yakla\u015f\u0131mla olu\u015fturulmu\u015ftur. Bu nedenle site, <strong>ki\u015fisel bir e\u011fitim ve staj \u00e7al\u0131\u015fmas\u0131 referans\u0131<\/strong> niteli\u011fi ta\u015f\u0131maktad\u0131r.<\/p>\r\n\r\n\r\n\r\n<hr class=\"wp-block-separator has-alpha-channel-opacity\" \/>\r\n\r\n\r\n\r\n<h2 class=\"wp-block-heading\">Sonu\u00e7<\/h2>\r\n\r\n\r\n\r\n<p>Referanslar\u0131m\u0131z, Python programlama dilinin do\u011fru ve g\u00fcvenilir \u015fekilde \u00f6\u011frenilmesini destekleyen kaynaklara dayanmaktad\u0131r. Bu site, staj s\u00fcresince yap\u0131lan \u00e7al\u0131\u015fmalar\u0131n ve edinilen bilgi birikiminin d\u00fczenli bir \u015fekilde sunuldu\u011fu bir e\u011fitim platformudur.<\/p>\r\n","protected":false},"excerpt":{"rendered":"<p>Bu web sitesinde yer alan t\u00fcm i\u00e7erikler,Python programlama dili \u00fczerine yap\u0131lan ara\u015ft\u0131rmalar, uygulamalar ve e\u011fitim kaynaklar\u0131 do\u011frultusunda haz\u0131rlanm\u0131\u015ft\u0131r. \u0130\u00e7erikler olu\u015fturulurken g\u00fcvenilir ve yayg\u0131n olarak kullan\u0131lan kaynaklardan yararlan\u0131lm\u0131\u015ft\u0131r. Ama\u00e7, do\u011fru ve g\u00fcncel bilgileri temel alarak \u00f6\u011fretici ve anla\u015f\u0131l\u0131r bir e\u011fitim i\u00e7eri\u011fi<\/p>\n<p><a href=\"https:\/\/www.fpytontemellerif.com.tr\/?page_id=85\" class=\"awp-btn awp-btn-secondary awp-btn-bubble\">Continue Reading<span class=\"screen-reader-text\">REFERANSLARIMIZ<\/span><i class=\"fa fa-arrow-right\"><\/i><span class=\"bubble_effect\"><span class=\"circle top-left\"><\/span><span class=\"circle top-left\"><\/span><span class=\"circle top-left\"><\/span>\t<span class=\"button effect-button\"><\/span><span class=\"circle bottom-right\"><\/span>\t<span class=\"circle bottom-right\"><\/span><span class=\"circle bottom-right\"><\/span><\/span><\/a><\/p>\n","protected":false},"author":1,"featured_media":0,"parent":0,"menu_order":0,"comment_status":"closed","ping_status":"closed","template":"","meta":{"_monsterinsights_skip_tracking":false,"_monsterinsights_sitenote_active":false,"_monsterinsights_sitenote_note":"","_monsterinsights_sitenote_category":0,"footnotes":""},"class_list":["post-85","page","type-page","status-publish","hentry"],"_links":{"self":[{"href":"https:\/\/www.fpytontemellerif.com.tr\/index.php?rest_route=\/wp\/v2\/pages\/85","targetHints":{"allow":["GET"]}}],"collection":[{"href":"https:\/\/www.fpytontemellerif.com.tr\/index.php?rest_route=\/wp\/v2\/pages"}],"about":[{"href":"https:\/\/www.fpytontemellerif.com.tr\/index.php?rest_route=\/wp\/v2\/types\/page"}],"author":[{"embeddable":true,"href":"https:\/\/www.fpytontemellerif.com.tr\/index.php?rest_route=\/wp\/v2\/users\/1"}],"replies":[{"embeddable":true,"href":"https:\/\/www.fpytontemellerif.com.tr\/index.php?rest_route=%2Fwp%2Fv2%2Fcomments&post=85"}],"version-history":[{"count":3,"href":"https:\/\/www.fpytontemellerif.com.tr\/index.php?rest_route=\/wp\/v2\/pages\/85\/revisions"}],"predecessor-version":[{"id":526,"href":"https:\/\/www.fpytontemellerif.com.tr\/index.php?rest_route=\/wp\/v2\/pages\/85\/revisions\/526"}],"wp:attachment":[{"href":"https:\/\/www.fpytontemellerif.com.tr\/index.php?rest_route=%2Fwp%2Fv2%2Fmedia&parent=85"}],"curies":[{"name":"wp","href":"https:\/\/api.w.org\/{rel}","templated":true}]}}